{"id":8,"date":"2013-02-12T15:37:15","date_gmt":"2013-02-12T15:37:15","guid":{"rendered":"http:\/\/locationcarantec.wordpress.com\/?page_id=8"},"modified":"2016-02-13T10:55:16","modified_gmt":"2016-02-13T09:55:16","slug":"situation","status":"publish","type":"page","link":"https:\/\/location.ty-bian.com\/?page_id=8","title":{"rendered":"Situation"},"content":{"rendered":"<p style=\"text-align: center;\"><strong>Cap \u00e0 l&rsquo;Ouest<\/strong>,<strong> la BRETAGNE, le FINIST\u00c8RE, CARANTEC STATION MER<\/strong><\/p>\n<p style=\"text-align: center;\">est \u00e0 12 km de Morlaix (gare TGV)<\/p>\n<p style=\"text-align: center;\">A 6 Km de St Pol de L\u00e9on, 8 Km de Roscoff (ferry-Angleterre,Irlande,Espagne)<\/p>\n<p style=\"text-align: center;\">A\u00e9roport de Brest-Guipavas \u00e0 60 Km , 45 minutes<\/p>\n<p style=\"text-align: center;\">A d\u00e9couvrir,les nombreuses facettes de notre belle r\u00e9gion, le Patrimoine Culturel, Architectural,<\/p>\n<p style=\"text-align: center;\">les circuits des Enclots paroissiaux, le Cairn de Barnenez, la Gastronomie, la cuisine raffin\u00e9e\u00a0 de<\/p>\n<p style=\"text-align: center;\">la terre et de la mer, les huitres.\u00a0\u00a0\u00a0\u00a0\u00a0\u00a0\u00a0\u00a0\u00a0\u00a0 Pays de cr\u00eapes, galettes et g\u00e2teaux,Kouign Aman<\/p>\n<p><iframe loading=\"lazy\" src=\"https:\/\/maps.google.fr\/maps?f=q&amp;source=s_q&amp;hl=fr&amp;geocode=&amp;q=carantec+2+rue+du+grand+large&amp;aq=&amp;sll=48.667815,-3.914055&amp;sspn=0.086954,0.213718&amp;g=carantec&amp;ie=UTF8&amp;hq=&amp;hnear=2+Rue+du+Grand+Large,+29660+Carantec,+Finist%C3%A8re,+Bretagne&amp;ll=48.666515,-3.907731&amp;spn=0.021739,0.05343&amp;t=m&amp;z=14&amp;output=embed\" width=\"425\" height=\"350\" frameborder=\"0\" marginwidth=\"0\" marginheight=\"0\" scrolling=\"no\"><\/iframe><br \/>\n<small><a style=\"color: #0000ff; text-align: left;\" href=\"https:\/\/maps.google.fr\/maps?f=q&amp;source=embed&amp;hl=fr&amp;geocode=&amp;q=carantec+2+rue+du+grand+large&amp;aq=&amp;sll=48.667815,-3.914055&amp;sspn=0.086954,0.213718&amp;g=carantec&amp;ie=UTF8&amp;hq=&amp;hnear=2+Rue+du+Grand+Large,+29660+Carantec,+Finist%C3%A8re,+Bretagne&amp;ll=48.666515,-3.907731&amp;spn=0.021739,0.05343&amp;t=m&amp;z=14\">Agrandir le plan<\/a><\/small><\/p>\n","protected":false},"excerpt":{"rendered":"<p>Cap \u00e0 l&rsquo;Ouest, la BRETAGNE, le FINIST\u00c8RE, CARANTEC STATION MER est \u00e0 12 km de Morlaix (gare TGV) A 6 Km de St Pol de L\u00e9on, 8 Km de Roscoff (ferry-Angleterre,Irlande,Espagne) A\u00e9roport de Brest-Guipavas \u00e0 60 Km , 45 minutes &hellip; <a href=\"https:\/\/location.ty-bian.com\/?page_id=8\">Continuer la lecture <span class=\"meta-nav\">&rarr;<\/span><\/a><\/p>\n","protected":false},"author":1,"featured_media":0,"parent":0,"menu_order":3,"comment_status":"closed","ping_status":"closed","template":"","meta":{"ngg_post_thumbnail":0,"footnotes":""},"class_list":["post-8","page","type-page","status-publish","hentry"],"_links":{"self":[{"href":"https:\/\/location.ty-bian.com\/index.php?rest_route=\/wp\/v2\/pages\/8","targetHints":{"allow":["GET"]}}],"collection":[{"href":"https:\/\/location.ty-bian.com\/index.php?rest_route=\/wp\/v2\/pages"}],"about":[{"href":"https:\/\/location.ty-bian.com\/index.php?rest_route=\/wp\/v2\/types\/page"}],"author":[{"embeddable":true,"href":"https:\/\/location.ty-bian.com\/index.php?rest_route=\/wp\/v2\/users\/1"}],"replies":[{"embeddable":true,"href":"https:\/\/location.ty-bian.com\/index.php?rest_route=%2Fwp%2Fv2%2Fcomments&post=8"}],"version-history":[{"count":12,"href":"https:\/\/location.ty-bian.com\/index.php?rest_route=\/wp\/v2\/pages\/8\/revisions"}],"predecessor-version":[{"id":614,"href":"https:\/\/location.ty-bian.com\/index.php?rest_route=\/wp\/v2\/pages\/8\/revisions\/614"}],"wp:attachment":[{"href":"https:\/\/location.ty-bian.com\/index.php?rest_route=%2Fwp%2Fv2%2Fmedia&parent=8"}],"curies":[{"name":"wp","href":"https:\/\/api.w.org\/{rel}","templated":true}]}}